{"id":12,"date":"2022-12-09T19:09:14","date_gmt":"2022-12-09T19:09:14","guid":{"rendered":"http:\/\/www.kyronmaanpowerclub.fi\/?page_id=12"},"modified":"2025-05-01T17:41:52","modified_gmt":"2025-05-01T17:41:52","slug":"home","status":"publish","type":"page","link":"https:\/\/www.kyronmaanpowerclub.fi\/","title":{"rendered":""},"content":{"rendered":"\n<h2 class=\"wp-block-heading alignfull has-text-align-center has-white-color has-black-background-color has-text-color has-background\">Tutustu <a href=\"http:\/\/www.kyronmaanpowerclub.fi\/?page_id=508\" data-type=\"page\" data-id=\"508\">hinnastoon<\/a>!<\/h2>\n\n\n\n<div class=\"wp-block-columns alignfull has-white-color has-header-gradient-background-color has-text-color has-background is-layout-flex wp-container-core-columns-is-layout-28f84493 wp-block-columns-is-layout-flex\">\n<div class=\"wp-block-column has-black-color has-header-gradient-background-color has-text-color has-background is-layout-flow wp-block-column-is-layout-flow\">\n<h2 class=\"wp-block-heading has-text-align-center animated fadeIn has-black-color has-text-color\">N\u00e4in liityt j\u00e4seneksi<\/h2>\n\n\n\n<p class=\"has-text-align-center\">1. L\u00e4het\u00e4 j\u00e4senpyynt\u00f6si s\u00e4hk\u00f6postitse tai alla olevalla yhteydenottolomakkeella<\/p>\n\n\n\n<p class=\"has-text-align-center\">2. Maksa valitsemasi j\u00e4senyys tai kertak\u00e4ynti tilinumeroon &nbsp;<strong>FI96 4928 0010 1165 08<\/strong><\/p>\n\n\n\n<p class=\"has-text-align-center\"><strong>Saat henkil\u00f6kohtaisen kulkukoodisi s\u00e4hk\u00f6postiviestill\u00e4<\/strong><\/p>\n\n\n\n<p class=\"has-text-align-center has-medium-font-size\"><strong>&nbsp;<\/strong><\/p>\n\n\n\n<h2 class=\"wp-block-heading has-text-align-center animated fadeIn has-black-color has-text-color\">Vanha j\u00e4sen<\/h2>\n\n\n\n<p class=\"has-text-align-center\" style=\"font-size:18px\"><em>Maksettuasi lis\u00e4\u00e4 aikaa tai k\u00e4yntikertoja, ilmoita alla olevalla lomakkeella tai s\u00e4hk\u00f6postitse, mit\u00e4 olet maksanut niin tied\u00e4mme p\u00e4ivitt\u00e4\u00e4 kulkukoodisi\/polettisi.<\/em><\/p>\n<\/div>\n<\/div>\n\n\n\n<h2 class=\"wp-block-heading has-text-align-center\"><br>Yhteydenottolomake<\/h2>\n\n\n\n<p class=\"has-text-align-center\">Lomakkeella voit ostaa itsellesi salij\u00e4senyyden tai j\u00e4tt\u00e4\u00e4 palautetta.<\/p>\n\n\n<div class=\"wpforms-container wpforms-container-full wpforms-block wpforms-block-833cfe81-6820-438d-95f5-9461f8322180\" id=\"wpforms-766\"><form id=\"wpforms-form-766\" class=\"wpforms-validate wpforms-form wpforms-ajax-form\" data-formid=\"766\" method=\"post\" enctype=\"multipart\/form-data\" action=\"\/index.php?rest_route=%2Fwp%2Fv2%2Fpages%2F12\" data-token=\"6ba720f45e68b343373e195972290389\" data-token-time=\"1778586751\"><noscript class=\"wpforms-error-noscript\">Please enable JavaScript in your browser to complete this form.<\/noscript><div class=\"wpforms-field-container\"><div id=\"wpforms-766-field_5-container\" class=\"wpforms-field wpforms-field-text\" data-field-id=\"5\"><label class=\"wpforms-field-label\" for=\"wpforms-766-field_5\">Nimi <span class=\"wpforms-required-label\">*<\/span><\/label><input type=\"text\" id=\"wpforms-766-field_5\" class=\"wpforms-field-medium wpforms-field-required\" name=\"wpforms[fields][5]\" required><\/div><div id=\"wpforms-766-field_6-container\" class=\"wpforms-field wpforms-field-email\" data-field-id=\"6\"><label class=\"wpforms-field-label\" for=\"wpforms-766-field_6\">S\u00e4hk\u00f6postiosoite <span class=\"wpforms-required-label\">*<\/span><\/label><input type=\"email\" id=\"wpforms-766-field_6\" class=\"wpforms-field-medium wpforms-field-required\" name=\"wpforms[fields][6]\" spellcheck=\"false\" required><\/div><div id=\"wpforms-766-field_8-container\" class=\"wpforms-field wpforms-field-select wpforms-field-select-style-classic\" data-field-id=\"8\"><label class=\"wpforms-field-label\" for=\"wpforms-766-field_8\">Ostan.. (valitse)<\/label><select id=\"wpforms-766-field_8\" class=\"wpforms-field-medium\" name=\"wpforms[fields][8]\"><option value=\"Kertak\u00e4ynti\"  class=\"choice-1 depth-1\"  >Kertak\u00e4ynti<\/option><option value=\"1kk j\u00e4senyys\"  class=\"choice-2 depth-1\"  >1kk j\u00e4senyys<\/option><option value=\"6 kk j\u00e4senyys\"  class=\"choice-3 depth-1\"  >6 kk j\u00e4senyys<\/option><option value=\"Vuosij\u00e4senyys\"  class=\"choice-4 depth-1\"  >Vuosij\u00e4senyys<\/option><\/select><\/div>\t\t<div id=\"wpforms-766-field_1-container\"\n\t\t\tclass=\"wpforms-field wpforms-field-text\"\n\t\t\tdata-field-type=\"text\"\n\t\t\tdata-field-id=\"1\"\n\t\t\t>\n\t\t\t<label class=\"wpforms-field-label\" for=\"wpforms-766-field_1\" >Nimi Viesti Oletko..<\/label>\n\t\t\t<input type=\"text\" id=\"wpforms-766-field_1\" class=\"wpforms-field-medium\" name=\"wpforms[fields][1]\" >\n\t\t<\/div>\n\t\t<div id=\"wpforms-766-field_9-container\" class=\"wpforms-field wpforms-field-radio\" data-field-id=\"9\"><label class=\"wpforms-field-label\">Oletko..<\/label><ul id=\"wpforms-766-field_9\"><li class=\"choice-1 depth-1\"><input type=\"radio\" id=\"wpforms-766-field_9_1\" name=\"wpforms[fields][9]\" value=\"Opiskelija\/El\u00e4kel\u00e4inen\/Ty\u00f6t\u00f6n\"  ><label class=\"wpforms-field-label-inline\" for=\"wpforms-766-field_9_1\">Opiskelija\/El\u00e4kel\u00e4inen\/Ty\u00f6t\u00f6n<\/label><\/li><\/ul><\/div><div id=\"wpforms-766-field_7-container\" class=\"wpforms-field wpforms-field-textarea\" data-field-id=\"7\"><label class=\"wpforms-field-label\" for=\"wpforms-766-field_7\">Viesti<\/label><textarea id=\"wpforms-766-field_7\" class=\"wpforms-field-medium\" name=\"wpforms[fields][7]\" ><\/textarea><\/div><script>\n\t\t\t\t( function() {\n\t\t\t\t\tconst style = document.createElement( 'style' );\n\t\t\t\t\tstyle.appendChild( document.createTextNode( '#wpforms-766-field_1-container { position: absolute !important; overflow: hidden !important; display: inline !important; height: 1px !important; width: 1px !important; z-index: -1000 !important; padding: 0 !important; } #wpforms-766-field_1-container input { visibility: hidden; } #wpforms-conversational-form-page #wpforms-766-field_1-container label { counter-increment: none; }' ) );\n\t\t\t\t\tdocument.head.appendChild( style );\n\t\t\t\t\tdocument.currentScript?.remove();\n\t\t\t\t} )();\n\t\t\t<\/script><\/div><!-- .wpforms-field-container --><div class=\"wpforms-recaptcha-container wpforms-is-recaptcha wpforms-is-recaptcha-type-invisible\" ><div class=\"g-recaptcha\" data-sitekey=\"6LcpkCkrAAAAAGHSBA9g1or6uKt3PDddSy4erbEK\" data-size=\"invisible\"><\/div><\/div><div class=\"wpforms-submit-container\" ><input type=\"hidden\" name=\"wpforms[id]\" value=\"766\"><input type=\"hidden\" name=\"page_title\" value=\"\"><input type=\"hidden\" name=\"page_url\" value=\"https:\/\/www.kyronmaanpowerclub.fi\/index.php?rest_route=\/wp\/v2\/pages\/12\"><input type=\"hidden\" name=\"url_referer\" value=\"\"><button type=\"submit\" name=\"wpforms[submit]\" id=\"wpforms-submit-766\" class=\"wpforms-submit\" data-alt-text=\"L\u00e4hett\u00e4\u00e4..\" data-submit-text=\"L\u00e4het\u00e4\" aria-live=\"assertive\" value=\"wpforms-submit\">L\u00e4het\u00e4<\/button><img loading=\"lazy\" decoding=\"async\" src=\"https:\/\/www.kyronmaanpowerclub.fi\/wp-content\/plugins\/wpforms-lite\/assets\/images\/submit-spin.svg\" class=\"wpforms-submit-spinner\" style=\"display: none;\" width=\"26\" height=\"26\" alt=\"Loading\"><\/div><\/form><\/div>  <!-- .wpforms-container -->\n\n\n<p class=\"has-white-color has-text-color\">                            moi<\/p>\n\n\n\n<h2 class=\"wp-block-heading has-text-align-center\">Viimeisimm\u00e4t p\u00e4ivitykset..<\/h2>\n\n\n\n<div id=\"sb_instagram\"  class=\"sbi sbi_mob_col_1 sbi_tab_col_2 sbi_col_4 sbi_width_resp sbi_palette_dark\" style=\"padding-bottom: 10px;\"\t data-feedid=\"*1\"  data-res=\"auto\" data-cols=\"4\" data-colsmobile=\"1\" data-colstablet=\"2\" data-num=\"2\" data-nummobile=\"2\" data-item-padding=\"5\"\t data-shortcode-atts=\"{}\"  data-postid=\"12\" data-locatornonce=\"9b97bbee9e\" data-imageaspectratio=\"1:1\" data-sbi-flags=\"favorLocal,gdpr\">\n\t<div class=\"sb_instagram_header  sbi_medium sbi_header_palette_dark\"   >\n\t<a class=\"sbi_header_link\" target=\"_blank\"\n\t   rel=\"nofollow noopener\" href=\"https:\/\/www.instagram.com\/kyronmaanpowerclub\/\" title=\"@kyronmaanpowerclub\">\n\t\t<div class=\"sbi_header_text\">\n\t\t\t<div class=\"sbi_header_img\"  data-avatar-url=\"https:\/\/scontent-hel3-1.cdninstagram.com\/v\/t51.2885-19\/278091098_2692965054180716_1684288630498712233_n.jpg?stp=dst-jpg_s206x206_tt6&amp;_nc_cat=108&amp;ccb=7-5&amp;_nc_sid=bf7eb4&amp;efg=eyJ2ZW5jb2RlX3RhZyI6InByb2ZpbGVfcGljLnd3dy4xMDgwLkMzIn0%3D&amp;_nc_ohc=I1SCwQ8fwFYQ7kNvwHQbbVz&amp;_nc_oc=Adr2iubmFBY4ZEQg-ut7W7Cb-Zh0XmbM9P66yLKlAdNCtmNu2VV93nHCYfmIeeAowa0&amp;_nc_zt=24&amp;_nc_ht=scontent-hel3-1.cdninstagram.com&amp;edm=AP4hL3IEAAAA&amp;_nc_tpa=Q5bMBQEXzgdCfeLPx6KYzqkrfbqHccBVFJrAM9VEVWznj7sm-FOWPqzEqRxNjwGyAaSkKd7IHvhs57qWwQ&amp;oh=00_Af6YX61XmNas0lstJMAb73gr0YQb_OjljL5k3YIatWRbAA&amp;oe=6A08E7D0\">\n\t\t\t\t\t\t\t\t\t<div class=\"sbi_header_img_hover\"  ><svg class=\"sbi_new_logo fa-instagram fa-w-14\" aria-hidden=\"true\" data-fa-processed=\"\" aria-label=\"Instagram\" data-prefix=\"fab\" data-icon=\"instagram\" role=\"img\" viewBox=\"0 0 448 512\">\n                    <path fill=\"currentColor\" d=\"M224.1 141c-63.6 0-114.9 51.3-114.9 114.9s51.3 114.9 114.9 114.9S339 319.5 339 255.9 287.7 141 224.1 141zm0 189.6c-41.1 0-74.7-33.5-74.7-74.7s33.5-74.7 74.7-74.7 74.7 33.5 74.7 74.7-33.6 74.7-74.7 74.7zm146.4-194.3c0 14.9-12 26.8-26.8 26.8-14.9 0-26.8-12-26.8-26.8s12-26.8 26.8-26.8 26.8 12 26.8 26.8zm76.1 27.2c-1.7-35.9-9.9-67.7-36.2-93.9-26.2-26.2-58-34.4-93.9-36.2-37-2.1-147.9-2.1-184.9 0-35.8 1.7-67.6 9.9-93.9 36.1s-34.4 58-36.2 93.9c-2.1 37-2.1 147.9 0 184.9 1.7 35.9 9.9 67.7 36.2 93.9s58 34.4 93.9 36.2c37 2.1 147.9 2.1 184.9 0 35.9-1.7 67.7-9.9 93.9-36.2 26.2-26.2 34.4-58 36.2-93.9 2.1-37 2.1-147.8 0-184.8zM398.8 388c-7.8 19.6-22.9 34.7-42.6 42.6-29.5 11.7-99.5 9-132.1 9s-102.7 2.6-132.1-9c-19.6-7.8-34.7-22.9-42.6-42.6-11.7-29.5-9-99.5-9-132.1s-2.6-102.7 9-132.1c7.8-19.6 22.9-34.7 42.6-42.6 29.5-11.7 99.5-9 132.1-9s102.7-2.6 132.1 9c19.6 7.8 34.7 22.9 42.6 42.6 11.7 29.5 9 99.5 9 132.1s2.7 102.7-9 132.1z\"><\/path>\n                <\/svg><\/div>\n\t\t\t\t\t<img loading=\"lazy\" decoding=\"async\"  src=\"http:\/\/www.kyronmaanpowerclub.fi\/wp-content\/uploads\/2022\/12\/cropped-cropped-cropped-cropped-cropped-cropped-cropped-cropped-cropped-bbd3c14d-2cd0-403a-af50-453a16d0446b.jpg\" alt=\"\" width=\"50\" height=\"50\">\n\t\t\t\t\n\t\t\t\t\t\t\t<\/div>\n\n\t\t\t<div class=\"sbi_feedtheme_header_text\">\n\t\t\t\t<h3 style=\"color: rgb(61,193,67);\">kyronmaanpowerclub<\/h3>\n\t\t\t\t\t\t\t\t\t<p class=\"sbi_bio\" style=\"color: rgb(61,193,67);\">\u25aa\ufe0fKuntosali 24\/7\u25aa\ufe0f<br>\nMarttilantie 12 A5 61500 Isokyr\u00f6<br>\nKyronmaanpowerclub@gmail.com<\/p>\n\t\t\t\t\t\t\t<\/div>\n\t\t<\/div>\n\t<\/a>\n<\/div>\n\n\t<div id=\"sbi_images\"  style=\"gap: 10px;\">\n\t\t<div class=\"sbi_item sbi_type_image sbi_new sbi_transition\"\n\tid=\"sbi_18075472928542960\" data-date=\"1775131394\">\n\t<div class=\"sbi_photo_wrap\">\n\t\t<a class=\"sbi_photo\" href=\"https:\/\/www.instagram.com\/p\/DWoOrQZDe-g\/\" target=\"_blank\" rel=\"noopener nofollow\"\n\t\t\tdata-full-res=\"https:\/\/scontent-hel3-1.cdninstagram.com\/v\/t51.82787-15\/658856098_18354225769230988_3667024600294163104_n.heic?stp=dst-jpg_e35_tt6&#038;_nc_cat=110&#038;ccb=7-5&#038;_nc_sid=18de74&#038;efg=eyJlZmdfdGFnIjoiRkVFRC5iZXN0X2ltYWdlX3VybGdlbi5DMyJ9&#038;_nc_ohc=IUOoC6ppovsQ7kNvwHy-jWI&#038;_nc_oc=Adqqh2ZRsgUSMJnl2Z37TVkgMTyAItZRpv-oX2Xnah-IP1RA0oIWNcfEjakVC_hM_J8&#038;_nc_zt=23&#038;_nc_ht=scontent-hel3-1.cdninstagram.com&#038;edm=ANo9K5cEAAAA&#038;_nc_gid=VGlIKJD0xtXmCqO7PAJArA&#038;_nc_tpa=Q5bMBQFyAiGA8jnyDuHNZiJJyUlxFEbeJEc_Vmd7GZCCCED654SzRERBsNRNPNbtdUbQrKeIOyXXJJoDxg&#038;oh=00_Af4DdL4lCortWE1ZcVKyI0BdN01ZzFznYZ209CXMVZoLUg&#038;oe=6A08D414\"\n\t\t\tdata-img-src-set=\"{&quot;d&quot;:&quot;https:\\\/\\\/scontent-hel3-1.cdninstagram.com\\\/v\\\/t51.82787-15\\\/658856098_18354225769230988_3667024600294163104_n.heic?stp=dst-jpg_e35_tt6&amp;_nc_cat=110&amp;ccb=7-5&amp;_nc_sid=18de74&amp;efg=eyJlZmdfdGFnIjoiRkVFRC5iZXN0X2ltYWdlX3VybGdlbi5DMyJ9&amp;_nc_ohc=IUOoC6ppovsQ7kNvwHy-jWI&amp;_nc_oc=Adqqh2ZRsgUSMJnl2Z37TVkgMTyAItZRpv-oX2Xnah-IP1RA0oIWNcfEjakVC_hM_J8&amp;_nc_zt=23&amp;_nc_ht=scontent-hel3-1.cdninstagram.com&amp;edm=ANo9K5cEAAAA&amp;_nc_gid=VGlIKJD0xtXmCqO7PAJArA&amp;_nc_tpa=Q5bMBQFyAiGA8jnyDuHNZiJJyUlxFEbeJEc_Vmd7GZCCCED654SzRERBsNRNPNbtdUbQrKeIOyXXJJoDxg&amp;oh=00_Af4DdL4lCortWE1ZcVKyI0BdN01ZzFznYZ209CXMVZoLUg&amp;oe=6A08D414&quot;,&quot;150&quot;:&quot;https:\\\/\\\/scontent-hel3-1.cdninstagram.com\\\/v\\\/t51.82787-15\\\/658856098_18354225769230988_3667024600294163104_n.heic?stp=dst-jpg_e35_tt6&amp;_nc_cat=110&amp;ccb=7-5&amp;_nc_sid=18de74&amp;efg=eyJlZmdfdGFnIjoiRkVFRC5iZXN0X2ltYWdlX3VybGdlbi5DMyJ9&amp;_nc_ohc=IUOoC6ppovsQ7kNvwHy-jWI&amp;_nc_oc=Adqqh2ZRsgUSMJnl2Z37TVkgMTyAItZRpv-oX2Xnah-IP1RA0oIWNcfEjakVC_hM_J8&amp;_nc_zt=23&amp;_nc_ht=scontent-hel3-1.cdninstagram.com&amp;edm=ANo9K5cEAAAA&amp;_nc_gid=VGlIKJD0xtXmCqO7PAJArA&amp;_nc_tpa=Q5bMBQFyAiGA8jnyDuHNZiJJyUlxFEbeJEc_Vmd7GZCCCED654SzRERBsNRNPNbtdUbQrKeIOyXXJJoDxg&amp;oh=00_Af4DdL4lCortWE1ZcVKyI0BdN01ZzFznYZ209CXMVZoLUg&amp;oe=6A08D414&quot;,&quot;320&quot;:&quot;https:\\\/\\\/scontent-hel3-1.cdninstagram.com\\\/v\\\/t51.82787-15\\\/658856098_18354225769230988_3667024600294163104_n.heic?stp=dst-jpg_e35_tt6&amp;_nc_cat=110&amp;ccb=7-5&amp;_nc_sid=18de74&amp;efg=eyJlZmdfdGFnIjoiRkVFRC5iZXN0X2ltYWdlX3VybGdlbi5DMyJ9&amp;_nc_ohc=IUOoC6ppovsQ7kNvwHy-jWI&amp;_nc_oc=Adqqh2ZRsgUSMJnl2Z37TVkgMTyAItZRpv-oX2Xnah-IP1RA0oIWNcfEjakVC_hM_J8&amp;_nc_zt=23&amp;_nc_ht=scontent-hel3-1.cdninstagram.com&amp;edm=ANo9K5cEAAAA&amp;_nc_gid=VGlIKJD0xtXmCqO7PAJArA&amp;_nc_tpa=Q5bMBQFyAiGA8jnyDuHNZiJJyUlxFEbeJEc_Vmd7GZCCCED654SzRERBsNRNPNbtdUbQrKeIOyXXJJoDxg&amp;oh=00_Af4DdL4lCortWE1ZcVKyI0BdN01ZzFznYZ209CXMVZoLUg&amp;oe=6A08D414&quot;,&quot;640&quot;:&quot;https:\\\/\\\/scontent-hel3-1.cdninstagram.com\\\/v\\\/t51.82787-15\\\/658856098_18354225769230988_3667024600294163104_n.heic?stp=dst-jpg_e35_tt6&amp;_nc_cat=110&amp;ccb=7-5&amp;_nc_sid=18de74&amp;efg=eyJlZmdfdGFnIjoiRkVFRC5iZXN0X2ltYWdlX3VybGdlbi5DMyJ9&amp;_nc_ohc=IUOoC6ppovsQ7kNvwHy-jWI&amp;_nc_oc=Adqqh2ZRsgUSMJnl2Z37TVkgMTyAItZRpv-oX2Xnah-IP1RA0oIWNcfEjakVC_hM_J8&amp;_nc_zt=23&amp;_nc_ht=scontent-hel3-1.cdninstagram.com&amp;edm=ANo9K5cEAAAA&amp;_nc_gid=VGlIKJD0xtXmCqO7PAJArA&amp;_nc_tpa=Q5bMBQFyAiGA8jnyDuHNZiJJyUlxFEbeJEc_Vmd7GZCCCED654SzRERBsNRNPNbtdUbQrKeIOyXXJJoDxg&amp;oh=00_Af4DdL4lCortWE1ZcVKyI0BdN01ZzFznYZ209CXMVZoLUg&amp;oe=6A08D414&quot;}\">\n\t\t\t<span class=\"sbi-screenreader\">Vuosikokous sunnuntaina 19.4. Klo 18.00 Kyr\u00f6\u00f6n Tuv<\/span>\n\t\t\t\t\t\t\t\t\t<img decoding=\"async\" src=\"https:\/\/www.kyronmaanpowerclub.fi\/wp-content\/plugins\/instagram-feed\/img\/placeholder.png\" alt=\"Vuosikokous sunnuntaina 19.4. Klo 18.00 Kyr\u00f6\u00f6n Tuvalla os. Karjalankatu 2B Isokyr\u00f6\nEsill\u00e4 s\u00e4\u00e4nt\u00f6m\u00e4\u00e4r\u00e4iset asiat!\" aria-hidden=\"true\">\n\t\t<\/a>\n\t<\/div>\n<\/div><div class=\"sbi_item sbi_type_carousel sbi_new sbi_transition\"\n\tid=\"sbi_18091335410141481\" data-date=\"1774358155\">\n\t<div class=\"sbi_photo_wrap\">\n\t\t<a class=\"sbi_photo\" href=\"https:\/\/www.instagram.com\/p\/DWRL1zXDZRL\/\" target=\"_blank\" rel=\"noopener nofollow\"\n\t\t\tdata-full-res=\"https:\/\/scontent-hel3-1.cdninstagram.com\/v\/t51.82787-15\/656599026_18353029852230988_2946944201143931107_n.heic?stp=dst-jpg_e35_tt6&#038;_nc_cat=108&#038;ccb=7-5&#038;_nc_sid=18de74&#038;efg=eyJlZmdfdGFnIjoiQ0FST1VTRUxfSVRFTS5iZXN0X2ltYWdlX3VybGdlbi5DMyJ9&#038;_nc_ohc=RnCLg_37AnYQ7kNvwEKZEB7&#038;_nc_oc=AdpGDZsSgXJft9kh7D_3zdwXTzqyACR1vRhe7F8ACbmunvdejZLTLp0keaXRZeFoCVk&#038;_nc_zt=23&#038;_nc_ht=scontent-hel3-1.cdninstagram.com&#038;edm=ANo9K5cEAAAA&#038;_nc_gid=VGlIKJD0xtXmCqO7PAJArA&#038;_nc_tpa=Q5bMBQGCN9OfJwtb6xoDs6jl90zyKqq-kx293C0TmIvHSo1hCIiUqJCZY5UQBS_BAFT9kmN7q3jf47zCGQ&#038;oh=00_Af6xjByx7efj1mXsvYw7_FV3XlvMdvvgokbvUn4ypvm62A&#038;oe=6A08EAEB\"\n\t\t\tdata-img-src-set=\"{&quot;d&quot;:&quot;https:\\\/\\\/scontent-hel3-1.cdninstagram.com\\\/v\\\/t51.82787-15\\\/656599026_18353029852230988_2946944201143931107_n.heic?stp=dst-jpg_e35_tt6&amp;_nc_cat=108&amp;ccb=7-5&amp;_nc_sid=18de74&amp;efg=eyJlZmdfdGFnIjoiQ0FST1VTRUxfSVRFTS5iZXN0X2ltYWdlX3VybGdlbi5DMyJ9&amp;_nc_ohc=RnCLg_37AnYQ7kNvwEKZEB7&amp;_nc_oc=AdpGDZsSgXJft9kh7D_3zdwXTzqyACR1vRhe7F8ACbmunvdejZLTLp0keaXRZeFoCVk&amp;_nc_zt=23&amp;_nc_ht=scontent-hel3-1.cdninstagram.com&amp;edm=ANo9K5cEAAAA&amp;_nc_gid=VGlIKJD0xtXmCqO7PAJArA&amp;_nc_tpa=Q5bMBQGCN9OfJwtb6xoDs6jl90zyKqq-kx293C0TmIvHSo1hCIiUqJCZY5UQBS_BAFT9kmN7q3jf47zCGQ&amp;oh=00_Af6xjByx7efj1mXsvYw7_FV3XlvMdvvgokbvUn4ypvm62A&amp;oe=6A08EAEB&quot;,&quot;150&quot;:&quot;https:\\\/\\\/scontent-hel3-1.cdninstagram.com\\\/v\\\/t51.82787-15\\\/656599026_18353029852230988_2946944201143931107_n.heic?stp=dst-jpg_e35_tt6&amp;_nc_cat=108&amp;ccb=7-5&amp;_nc_sid=18de74&amp;efg=eyJlZmdfdGFnIjoiQ0FST1VTRUxfSVRFTS5iZXN0X2ltYWdlX3VybGdlbi5DMyJ9&amp;_nc_ohc=RnCLg_37AnYQ7kNvwEKZEB7&amp;_nc_oc=AdpGDZsSgXJft9kh7D_3zdwXTzqyACR1vRhe7F8ACbmunvdejZLTLp0keaXRZeFoCVk&amp;_nc_zt=23&amp;_nc_ht=scontent-hel3-1.cdninstagram.com&amp;edm=ANo9K5cEAAAA&amp;_nc_gid=VGlIKJD0xtXmCqO7PAJArA&amp;_nc_tpa=Q5bMBQGCN9OfJwtb6xoDs6jl90zyKqq-kx293C0TmIvHSo1hCIiUqJCZY5UQBS_BAFT9kmN7q3jf47zCGQ&amp;oh=00_Af6xjByx7efj1mXsvYw7_FV3XlvMdvvgokbvUn4ypvm62A&amp;oe=6A08EAEB&quot;,&quot;320&quot;:&quot;https:\\\/\\\/scontent-hel3-1.cdninstagram.com\\\/v\\\/t51.82787-15\\\/656599026_18353029852230988_2946944201143931107_n.heic?stp=dst-jpg_e35_tt6&amp;_nc_cat=108&amp;ccb=7-5&amp;_nc_sid=18de74&amp;efg=eyJlZmdfdGFnIjoiQ0FST1VTRUxfSVRFTS5iZXN0X2ltYWdlX3VybGdlbi5DMyJ9&amp;_nc_ohc=RnCLg_37AnYQ7kNvwEKZEB7&amp;_nc_oc=AdpGDZsSgXJft9kh7D_3zdwXTzqyACR1vRhe7F8ACbmunvdejZLTLp0keaXRZeFoCVk&amp;_nc_zt=23&amp;_nc_ht=scontent-hel3-1.cdninstagram.com&amp;edm=ANo9K5cEAAAA&amp;_nc_gid=VGlIKJD0xtXmCqO7PAJArA&amp;_nc_tpa=Q5bMBQGCN9OfJwtb6xoDs6jl90zyKqq-kx293C0TmIvHSo1hCIiUqJCZY5UQBS_BAFT9kmN7q3jf47zCGQ&amp;oh=00_Af6xjByx7efj1mXsvYw7_FV3XlvMdvvgokbvUn4ypvm62A&amp;oe=6A08EAEB&quot;,&quot;640&quot;:&quot;https:\\\/\\\/scontent-hel3-1.cdninstagram.com\\\/v\\\/t51.82787-15\\\/656599026_18353029852230988_2946944201143931107_n.heic?stp=dst-jpg_e35_tt6&amp;_nc_cat=108&amp;ccb=7-5&amp;_nc_sid=18de74&amp;efg=eyJlZmdfdGFnIjoiQ0FST1VTRUxfSVRFTS5iZXN0X2ltYWdlX3VybGdlbi5DMyJ9&amp;_nc_ohc=RnCLg_37AnYQ7kNvwEKZEB7&amp;_nc_oc=AdpGDZsSgXJft9kh7D_3zdwXTzqyACR1vRhe7F8ACbmunvdejZLTLp0keaXRZeFoCVk&amp;_nc_zt=23&amp;_nc_ht=scontent-hel3-1.cdninstagram.com&amp;edm=ANo9K5cEAAAA&amp;_nc_gid=VGlIKJD0xtXmCqO7PAJArA&amp;_nc_tpa=Q5bMBQGCN9OfJwtb6xoDs6jl90zyKqq-kx293C0TmIvHSo1hCIiUqJCZY5UQBS_BAFT9kmN7q3jf47zCGQ&amp;oh=00_Af6xjByx7efj1mXsvYw7_FV3XlvMdvvgokbvUn4ypvm62A&amp;oe=6A08EAEB&quot;}\">\n\t\t\t<span class=\"sbi-screenreader\">\u203c\ufe0f Salietiketti \u203c\ufe0f \n\nPieni muistutus kaikille sali<\/span>\n\t\t\t<svg class=\"svg-inline--fa fa-clone fa-w-16 sbi_lightbox_carousel_icon\" aria-hidden=\"true\" aria-label=\"Clone\" data-fa-pro\u0192cessed=\"\" data-prefix=\"far\" data-icon=\"clone\" role=\"img\" xmlns=\"http:\/\/www.w3.org\/2000\/svg\" viewBox=\"0 0 512 512\">\n                    <path fill=\"currentColor\" d=\"M464 0H144c-26.51 0-48 21.49-48 48v48H48c-26.51 0-48 21.49-48 48v320c0 26.51 21.49 48 48 48h320c26.51 0 48-21.49 48-48v-48h48c26.51 0 48-21.49 48-48V48c0-26.51-21.49-48-48-48zM362 464H54a6 6 0 0 1-6-6V150a6 6 0 0 1 6-6h42v224c0 26.51 21.49 48 48 48h224v42a6 6 0 0 1-6 6zm96-96H150a6 6 0 0 1-6-6V54a6 6 0 0 1 6-6h308a6 6 0 0 1 6 6v308a6 6 0 0 1-6 6z\"><\/path>\n                <\/svg>\t\t\t\t\t\t<img decoding=\"async\" src=\"https:\/\/www.kyronmaanpowerclub.fi\/wp-content\/plugins\/instagram-feed\/img\/placeholder.png\" alt=\"\u203c\ufe0f Salietiketti \u203c\ufe0f \n\nPieni muistutus kaikille salilla k\u00e4vij\u00f6ille yhteisen viihtyvyyden takaamiseksi! \nJokaisen vastuulla on: \n\ud83d\udcaa Laita painot niille kuuluville paikoilleen!\n - Ei j\u00e4tet\u00e4 lattialle nojaileen\n - ei pieni\u00e4 kiekkoja isojen alle \n - ei ylimpiin piikkeihin isoimpia levyj\u00e4\n\ud83d\udcaa Tyhj\u00e4\u00e4 laite painoista, kun lopetat siin\u00e4!\n\ud83d\udcaa Jos jollain on laitteessa sarjat kesken, \u00e4l\u00e4 mene tyhj\u00e4\u00e4m\u00e4\u00e4n laitetta\/vie penkki\u00e4 v\u00e4liss\u00e4! V\u00e4liin saa varmasti menn\u00e4 tekem\u00e4\u00e4n, mutta kysyt\u00e4\u00e4n yst\u00e4v\u00e4llisesti ensin. \n\ud83d\udcaa Kahvakuulat, tangot ja penkit my\u00f6s omille paikoilleen! \n\ud83d\udcaa Laita roskat roskikseen! \n\ud83d\udcaa Pid\u00e4th\u00e4n omasta hygieniasta huolen ennen salille tuloa, mutta v\u00e4lt\u00e4 my\u00f6s liian voimakkaita hajusteita! \n\nPidet\u00e4\u00e4n sali viihtyis\u00e4n\u00e4 ja mieluisana paikkana ihan meille jokaiselle \u2763\ufe0f\" aria-hidden=\"true\">\n\t\t<\/a>\n\t<\/div>\n<\/div>\t<\/div>\n\n\t<div id=\"sbi_load\" >\n\n\t\t\t<button class=\"sbi_load_btn\"\n\t\t\ttype=\"button\" >\n\t\t\t<span class=\"sbi_btn_text\" >Load More<\/span>\n\t\t\t<span class=\"sbi_loader sbi_hidden\" style=\"background-color: rgb(255, 255, 255);\" aria-hidden=\"true\"><\/span>\n\t\t<\/button>\n\t\n\t\t\t<span class=\"sbi_follow_btn sbi_custom\" >\n\t\t\t<a target=\"_blank\"\n\t\t\t\trel=\"nofollow noopener\"  href=\"https:\/\/www.instagram.com\/kyronmaanpowerclub\/\" style=\"background: rgb(64,139,209);\">\n\t\t\t\t<svg class=\"svg-inline--fa fa-instagram fa-w-14\" aria-hidden=\"true\" data-fa-processed=\"\" aria-label=\"Instagram\" data-prefix=\"fab\" data-icon=\"instagram\" role=\"img\" viewBox=\"0 0 448 512\">\n                    <path fill=\"currentColor\" d=\"M224.1 141c-63.6 0-114.9 51.3-114.9 114.9s51.3 114.9 114.9 114.9S339 319.5 339 255.9 287.7 141 224.1 141zm0 189.6c-41.1 0-74.7-33.5-74.7-74.7s33.5-74.7 74.7-74.7 74.7 33.5 74.7 74.7-33.6 74.7-74.7 74.7zm146.4-194.3c0 14.9-12 26.8-26.8 26.8-14.9 0-26.8-12-26.8-26.8s12-26.8 26.8-26.8 26.8 12 26.8 26.8zm76.1 27.2c-1.7-35.9-9.9-67.7-36.2-93.9-26.2-26.2-58-34.4-93.9-36.2-37-2.1-147.9-2.1-184.9 0-35.8 1.7-67.6 9.9-93.9 36.1s-34.4 58-36.2 93.9c-2.1 37-2.1 147.9 0 184.9 1.7 35.9 9.9 67.7 36.2 93.9s58 34.4 93.9 36.2c37 2.1 147.9 2.1 184.9 0 35.9-1.7 67.7-9.9 93.9-36.2 26.2-26.2 34.4-58 36.2-93.9 2.1-37 2.1-147.8 0-184.8zM398.8 388c-7.8 19.6-22.9 34.7-42.6 42.6-29.5 11.7-99.5 9-132.1 9s-102.7 2.6-132.1-9c-19.6-7.8-34.7-22.9-42.6-42.6-11.7-29.5-9-99.5-9-132.1s-2.6-102.7 9-132.1c7.8-19.6 22.9-34.7 42.6-42.6 29.5-11.7 99.5-9 132.1-9s102.7-2.6 132.1 9c19.6 7.8 34.7 22.9 42.6 42.6 11.7 29.5 9 99.5 9 132.1s2.7 102.7-9 132.1z\"><\/path>\n                <\/svg>\t\t\t\t<span>Follow on Instagram<\/span>\n\t\t\t<\/a>\n\t\t<\/span>\n\t\n<\/div>\n\t\t<span class=\"sbi_resized_image_data\" data-feed-id=\"*1\"\n\t\t  data-resized=\"{&quot;18091335410141481&quot;:{&quot;id&quot;:&quot;656599026_18353029852230988_2946944201143931107_n.heic&quot;,&quot;ratio&quot;:&quot;1.00&quot;,&quot;sizes&quot;:{&quot;full&quot;:640,&quot;low&quot;:320,&quot;thumb&quot;:150},&quot;extension&quot;:&quot;.webp&quot;},&quot;18075472928542960&quot;:{&quot;id&quot;:&quot;658856098_18354225769230988_3667024600294163104_n.heic&quot;,&quot;ratio&quot;:&quot;0.80&quot;,&quot;sizes&quot;:{&quot;full&quot;:640,&quot;low&quot;:320,&quot;thumb&quot;:150},&quot;extension&quot;:&quot;.webp&quot;}}\">\n\t<\/span>\n\t<\/div>\n\n","protected":false},"excerpt":{"rendered":"<p>Tutustu hinnastoon! N\u00e4in liityt j\u00e4seneksi 1. L\u00e4het\u00e4 j\u00e4senpyynt\u00f6si s\u00e4hk\u00f6postitse tai alla olevalla yhteydenottolomakkeella 2. Maksa valitsemasi j\u00e4senyys tai kertak\u00e4ynti tilinumeroon &nbsp;FI96 4928 0010 1165 08 Saat henkil\u00f6kohtaisen kulkukoodisi s\u00e4hk\u00f6postiviestill\u00e4 &nbsp; Vanha j\u00e4sen Maksettuasi lis\u00e4\u00e4 aikaa tai k\u00e4yntikertoja, ilmoita alla olevalla lomakkeella tai s\u00e4hk\u00f6postitse, mit\u00e4 olet maksanut niin tied\u00e4mme p\u00e4ivitt\u00e4\u00e4 kulkukoodisi\/polettisi. [&hellip;]<\/p>\n","protected":false},"author":1,"featured_media":0,"parent":0,"menu_order":0,"comment_status":"closed","ping_status":"closed","template":"","meta":{"ngg_post_thumbnail":0,"_themeisle_gutenberg_block_has_review":false,"footnotes":""},"class_list":["post-12","page","type-page","status-publish","hentry"],"_links":{"self":[{"href":"https:\/\/www.kyronmaanpowerclub.fi\/index.php?rest_route=\/wp\/v2\/pages\/12","targetHints":{"allow":["GET"]}}],"collection":[{"href":"https:\/\/www.kyronmaanpowerclub.fi\/index.php?rest_route=\/wp\/v2\/pages"}],"about":[{"href":"https:\/\/www.kyronmaanpowerclub.fi\/index.php?rest_route=\/wp\/v2\/types\/page"}],"author":[{"embeddable":true,"href":"https:\/\/www.kyronmaanpowerclub.fi\/index.php?rest_route=\/wp\/v2\/users\/1"}],"replies":[{"embeddable":true,"href":"https:\/\/www.kyronmaanpowerclub.fi\/index.php?rest_route=%2Fwp%2Fv2%2Fcomments&post=12"}],"version-history":[{"count":111,"href":"https:\/\/www.kyronmaanpowerclub.fi\/index.php?rest_route=\/wp\/v2\/pages\/12\/revisions"}],"predecessor-version":[{"id":810,"href":"https:\/\/www.kyronmaanpowerclub.fi\/index.php?rest_route=\/wp\/v2\/pages\/12\/revisions\/810"}],"wp:attachment":[{"href":"https:\/\/www.kyronmaanpowerclub.fi\/index.php?rest_route=%2Fwp%2Fv2%2Fmedia&parent=12"}],"curies":[{"name":"wp","href":"https:\/\/api.w.org\/{rel}","templated":true}]}}