{"id":442,"date":"2022-12-11T12:15:08","date_gmt":"2022-12-11T12:15:08","guid":{"rendered":"http:\/\/www.kyronmaanpowerclub.fi\/?page_id=442"},"modified":"2022-12-13T06:54:20","modified_gmt":"2022-12-13T06:54:20","slug":"yhteystiedot","status":"publish","type":"page","link":"https:\/\/www.kyronmaanpowerclub.fi\/?page_id=442","title":{"rendered":"Yhteystiedot"},"content":{"rendered":"\n<div class=\"wp-block-columns alignfull has-white-color has-black-background-color has-text-color has-background is-layout-flex wp-container-core-columns-is-layout-28f84493 wp-block-columns-is-layout-flex\">\n<div class=\"wp-block-column is-vertically-aligned-center is-layout-flow wp-block-column-is-layout-flow\">\n<h2 class=\"wp-block-heading\">Onko kysytt\u00e4v\u00e4\u00e4?<\/h2>\n\n\n\n<p style=\"font-size:17px\"><a href=\"mailto:kyronmaanpowerclub@gmail.com\">kyronmaanpowerclub@gmail.com<\/a><\/p>\n\n\n\n<p style=\"font-size:17px\"><strong>Yhdistyksen puheenjohtaja<\/strong><\/p>\n\n\n\n<p style=\"font-size:17px\">Taina Piikkil\u00e4, 050 506 5519<\/p>\n\n\n\n<hr class=\"wp-block-separator aligncenter has-text-color has-header-gradient-color has-alpha-channel-opacity has-header-gradient-background-color has-background is-style-wide\"\/>\n\n\n\n<h2 class=\"wp-block-heading\">Osoitetiedot<\/h2>\n\n\n\n<p style=\"font-size:17px\">Marttilantie 12 a 5<\/p>\n\n\n\n<p style=\"font-size:17px\">61500 Isokyr\u00f6<\/p>\n\n\n\n<p style=\"font-size:17px\">Tilinumero <strong>FI96 4928 0010 1165 08<\/strong><\/p>\n\n\n\n<hr class=\"wp-block-separator has-text-color has-accent-color has-alpha-channel-opacity has-accent-background-color has-background is-style-wide\"\/>\n\n\n\n<ul class=\"wp-block-social-links has-normal-icon-size has-icon-color is-style-logos-only ticss-22916df3 is-horizontal is-content-justification-left is-layout-flex wp-container-core-social-links-is-layout-20be11b6 wp-block-social-links-is-layout-flex\"><li style=\"color: #4fc103; \" class=\"wp-social-link wp-social-link-mail has-accent-color wp-block-social-link\"><a rel=\"noopener nofollow\" target=\"_blank\" href=\"mailto:kyronmaanpowerclub@gmail.com\" class=\"wp-block-social-link-anchor\"><svg width=\"24\" height=\"24\" viewBox=\"0 0 24 24\" version=\"1.1\" xmlns=\"http:\/\/www.w3.org\/2000\/svg\" aria-hidden=\"true\" focusable=\"false\"><path d=\"M19,5H5c-1.1,0-2,.9-2,2v10c0,1.1.9,2,2,2h14c1.1,0,2-.9,2-2V7c0-1.1-.9-2-2-2zm.5,12c0,.3-.2.5-.5.5H5c-.3,0-.5-.2-.5-.5V9.8l7.5,5.6,7.5-5.6V17zm0-9.1L12,13.6,4.5,7.9V7c0-.3.2-.5.5-.5h14c.3,0,.5.2.5.5v.9z\"><\/path><\/svg><span class=\"wp-block-social-link-label screen-reader-text\">Mail<\/span><\/a><\/li>\n\n<li style=\"color: #4fc103; \" class=\"wp-social-link wp-social-link-instagram has-accent-color wp-block-social-link\"><a rel=\"noopener nofollow\" target=\"_blank\" href=\"https:\/\/www.instagram.com\/kyronmaanpowerclub\/?igshid=YmMyMTA2M2Y%3D\" class=\"wp-block-social-link-anchor\"><svg width=\"24\" height=\"24\" viewBox=\"0 0 24 24\" version=\"1.1\" xmlns=\"http:\/\/www.w3.org\/2000\/svg\" aria-hidden=\"true\" focusable=\"false\"><path d=\"M12,4.622c2.403,0,2.688,0.009,3.637,0.052c0.877,0.04,1.354,0.187,1.671,0.31c0.42,0.163,0.72,0.358,1.035,0.673 c0.315,0.315,0.51,0.615,0.673,1.035c0.123,0.317,0.27,0.794,0.31,1.671c0.043,0.949,0.052,1.234,0.052,3.637 s-0.009,2.688-0.052,3.637c-0.04,0.877-0.187,1.354-0.31,1.671c-0.163,0.42-0.358,0.72-0.673,1.035 c-0.315,0.315-0.615,0.51-1.035,0.673c-0.317,0.123-0.794,0.27-1.671,0.31c-0.949,0.043-1.233,0.052-3.637,0.052 s-2.688-0.009-3.637-0.052c-0.877-0.04-1.354-0.187-1.671-0.31c-0.42-0.163-0.72-0.358-1.035-0.673 c-0.315-0.315-0.51-0.615-0.673-1.035c-0.123-0.317-0.27-0.794-0.31-1.671C4.631,14.688,4.622,14.403,4.622,12 s0.009-2.688,0.052-3.637c0.04-0.877,0.187-1.354,0.31-1.671c0.163-0.42,0.358-0.72,0.673-1.035 c0.315-0.315,0.615-0.51,1.035-0.673c0.317-0.123,0.794-0.27,1.671-0.31C9.312,4.631,9.597,4.622,12,4.622 M12,3 C9.556,3,9.249,3.01,8.289,3.054C7.331,3.098,6.677,3.25,6.105,3.472C5.513,3.702,5.011,4.01,4.511,4.511 c-0.5,0.5-0.808,1.002-1.038,1.594C3.25,6.677,3.098,7.331,3.054,8.289C3.01,9.249,3,9.556,3,12c0,2.444,0.01,2.751,0.054,3.711 c0.044,0.958,0.196,1.612,0.418,2.185c0.23,0.592,0.538,1.094,1.038,1.594c0.5,0.5,1.002,0.808,1.594,1.038 c0.572,0.222,1.227,0.375,2.185,0.418C9.249,20.99,9.556,21,12,21s2.751-0.01,3.711-0.054c0.958-0.044,1.612-0.196,2.185-0.418 c0.592-0.23,1.094-0.538,1.594-1.038c0.5-0.5,0.808-1.002,1.038-1.594c0.222-0.572,0.375-1.227,0.418-2.185 C20.99,14.751,21,14.444,21,12s-0.01-2.751-0.054-3.711c-0.044-0.958-0.196-1.612-0.418-2.185c-0.23-0.592-0.538-1.094-1.038-1.594 c-0.5-0.5-1.002-0.808-1.594-1.038c-0.572-0.222-1.227-0.375-2.185-0.418C14.751,3.01,14.444,3,12,3L12,3z M12,7.378 c-2.552,0-4.622,2.069-4.622,4.622S9.448,16.622,12,16.622s4.622-2.069,4.622-4.622S14.552,7.378,12,7.378z M12,15 c-1.657,0-3-1.343-3-3s1.343-3,3-3s3,1.343,3,3S13.657,15,12,15z M16.804,6.116c-0.596,0-1.08,0.484-1.08,1.08 s0.484,1.08,1.08,1.08c0.596,0,1.08-0.484,1.08-1.08S17.401,6.116,16.804,6.116z\"><\/path><\/svg><span class=\"wp-block-social-link-label screen-reader-text\">Instagram<\/span><\/a><\/li>\n\n<li style=\"color: #4fc103; \" class=\"wp-social-link wp-social-link-facebook has-accent-color wp-block-social-link\"><a rel=\"noopener nofollow\" target=\"_blank\" href=\"https:\/\/www.facebook.com\/powerclubry\" class=\"wp-block-social-link-anchor\"><svg width=\"24\" height=\"24\" viewBox=\"0 0 24 24\" version=\"1.1\" xmlns=\"http:\/\/www.w3.org\/2000\/svg\" aria-hidden=\"true\" focusable=\"false\"><path d=\"M12 2C6.5 2 2 6.5 2 12c0 5 3.7 9.1 8.4 9.9v-7H7.9V12h2.5V9.8c0-2.5 1.5-3.9 3.8-3.9 1.1 0 2.2.2 2.2.2v2.5h-1.3c-1.2 0-1.6.8-1.6 1.6V12h2.8l-.4 2.9h-2.3v7C18.3 21.1 22 17 22 12c0-5.5-4.5-10-10-10z\"><\/path><\/svg><span class=\"wp-block-social-link-label screen-reader-text\">Facebook<\/span><\/a><\/li><\/ul>\n<\/div>\n\n\n\n<div class=\"wp-block-column is-layout-flow wp-block-column-is-layout-flow\"><div style=\"height:400pxpx;\" class=\"wp-block-themeisle-blocks-leaflet-map\" id=\"wp-block-themeisle-blocks-leaflet-map-1677959e\"><\/div>\n<script type=\"text\/javascript\">\n\t\/* <![CDATA[ *\/\n\t\tif ( ! window.themeisleLeafletMaps ) window.themeisleLeafletMaps =[];\n\t\twindow.themeisleLeafletMaps.push( { container: \"wp-block-themeisle-blocks-leaflet-map-1677959e\", attributes: {\"id\":\"wp-block-themeisle-blocks-leaflet-map-1677959e\",\"location\":\"marttilantie 12, isokyr\\u00f6\",\"latitude\":\"62.99268357576138\",\"longitude\":\"22.304692268371586\",\"bbox\":\"22.295465469360355,62.98878570740712,22.313919067382812,62.99658092391517\",\"zoom\":15,\"markers\":[{\"latitude\":62.9929330216460385827303980477154254913330078125,\"longitude\":22.305986165738435289540575467981398105621337890625,\"id\":\"119d9886-ff52-453d-b72f-cf681440cc39\",\"title\":\"Kyr\\u00f6nmaan Power Club\",\"description\":\"\"}],\"height\":\"400px\",\"zoomControl\":true,\"draggable\":true,\"hasCustomCSS\":false,\"customCSS\":\"\",\"otterConditions\":[]} } );\n\t\/* ]]> *\/\n<\/script>\n<\/div>\n<\/div>\n","protected":false},"excerpt":{"rendered":"<p>Onko kysytt\u00e4v\u00e4\u00e4? kyronmaanpowerclub@gmail.com Yhdistyksen puheenjohtaja Taina Piikkil\u00e4, 050 506 5519 Osoitetiedot Marttilantie 12 a 5 61500 Isokyr\u00f6 Tilinumero FI96 4928 0010 1165 08<\/p>\n","protected":false},"author":1,"featured_media":0,"parent":0,"menu_order":0,"comment_status":"closed","ping_status":"closed","template":"","meta":{"ngg_post_thumbnail":0,"_themeisle_gutenberg_block_has_review":false,"footnotes":""},"class_list":["post-442","page","type-page","status-publish","hentry"],"_links":{"self":[{"href":"https:\/\/www.kyronmaanpowerclub.fi\/index.php?rest_route=\/wp\/v2\/pages\/442","targetHints":{"allow":["GET"]}}],"collection":[{"href":"https:\/\/www.kyronmaanpowerclub.fi\/index.php?rest_route=\/wp\/v2\/pages"}],"about":[{"href":"https:\/\/www.kyronmaanpowerclub.fi\/index.php?rest_route=\/wp\/v2\/types\/page"}],"author":[{"embeddable":true,"href":"https:\/\/www.kyronmaanpowerclub.fi\/index.php?rest_route=\/wp\/v2\/users\/1"}],"replies":[{"embeddable":true,"href":"https:\/\/www.kyronmaanpowerclub.fi\/index.php?rest_route=%2Fwp%2Fv2%2Fcomments&post=442"}],"version-history":[{"count":24,"href":"https:\/\/www.kyronmaanpowerclub.fi\/index.php?rest_route=\/wp\/v2\/pages\/442\/revisions"}],"predecessor-version":[{"id":688,"href":"https:\/\/www.kyronmaanpowerclub.fi\/index.php?rest_route=\/wp\/v2\/pages\/442\/revisions\/688"}],"wp:attachment":[{"href":"https:\/\/www.kyronmaanpowerclub.fi\/index.php?rest_route=%2Fwp%2Fv2%2Fmedia&parent=442"}],"curies":[{"name":"wp","href":"https:\/\/api.w.org\/{rel}","templated":true}]}}