{"id":452,"date":"2022-12-11T12:23:49","date_gmt":"2022-12-11T12:23:49","guid":{"rendered":"http:\/\/www.kyronmaanpowerclub.fi\/?page_id=452"},"modified":"2025-05-04T18:39:54","modified_gmt":"2025-05-04T18:39:54","slug":"hallituksen-jasenet","status":"publish","type":"page","link":"https:\/\/www.kyronmaanpowerclub.fi\/?page_id=452","title":{"rendered":"Hallituksen j\u00e4senet"},"content":{"rendered":"<div class=\"wp-block-image\">\n<figure class=\"aligncenter size-full is-resized\"><img loading=\"lazy\" decoding=\"async\" width=\"512\" height=\"512\" src=\"http:\/\/www.kyronmaanpowerclub.fi\/wp-content\/uploads\/2022\/12\/cropped-cropped-cropped-cropped-cropped-cropped-cropped-cropped-cropped-bbd3c14d-2cd0-403a-af50-453a16d0446b.jpg\" alt=\"\" class=\"wp-image-433\" style=\"width:168px;height:168px\" srcset=\"https:\/\/www.kyronmaanpowerclub.fi\/wp-content\/uploads\/2022\/12\/cropped-cropped-cropped-cropped-cropped-cropped-cropped-cropped-cropped-bbd3c14d-2cd0-403a-af50-453a16d0446b.jpg 512w, https:\/\/www.kyronmaanpowerclub.fi\/wp-content\/uploads\/2022\/12\/cropped-cropped-cropped-cropped-cropped-cropped-cropped-cropped-cropped-bbd3c14d-2cd0-403a-af50-453a16d0446b-160x160.jpg 160w, https:\/\/www.kyronmaanpowerclub.fi\/wp-content\/uploads\/2022\/12\/cropped-cropped-cropped-cropped-cropped-cropped-cropped-cropped-cropped-bbd3c14d-2cd0-403a-af50-453a16d0446b-300x300.jpg 300w, https:\/\/www.kyronmaanpowerclub.fi\/wp-content\/uploads\/2022\/12\/cropped-cropped-cropped-cropped-cropped-cropped-cropped-cropped-cropped-bbd3c14d-2cd0-403a-af50-453a16d0446b-150x150.jpg 150w\" sizes=\"auto, (max-width: 512px) 100vw, 512px\" \/><\/figure><\/div>\n\n\n<p><\/p>\n\n\n\n<h3 class=\"wp-block-heading has-text-align-center animated fadeInLeft\">Kyr\u00f6nmaan Power Club RY on toiminut vuodesta 1991 l\u00e4htien. T\u00e4m\u00e4n hetken hallituksen j\u00e4seniin kuuluu seuraavat henkil\u00f6t. <\/h3>\n\n\n\n<h5 class=\"wp-block-heading has-text-align-center animated fadeInLeft\" style=\"font-size:15px;font-style:normal;font-weight:300\">Kyr\u00f6nmaan Power Clubin hallituksen j\u00e4seniin voit olla yhteydess\u00e4 kehitysideoiden, ongelmatilanteiden tai palautteen tiimoilta. Parhaiten saat yhteyden s\u00e4hk\u00f6postitse kyronmaanpowerclub@gmail.com tai kotisivujen yhteydenottolomakkeen avulla.<\/h5>\n\n\n\n<p><\/p>\n\n\n\n<div id=\"wp-block-themeisle-blocks-accordion-d3b511ed\" data-has-schema=\"false\" class=\"wp-block-themeisle-blocks-accordion exclusive icon-first ticss-d3b511ed is-style-boxed has-light-content-bg\">\n<details open class=\"wp-block-themeisle-blocks-accordion-item\"><summary class=\"wp-block-themeisle-blocks-accordion-item__title\"><div>Puheenjohtaja<\/div><\/summary><div class=\"wp-block-themeisle-blocks-accordion-item__content\">\n<p class=\"has-text-align-center has-black-color has-text-color\" style=\"font-size:18px\"><strong>Taina Piikkil\u00e4<\/strong> <\/p>\n\n\n\n<p class=\"has-text-align-center has-black-color has-text-color\" style=\"font-size:18px\"><strong>050 506 5519<\/strong><\/p>\n<\/div><\/details>\n\n\n\n<details class=\"wp-block-themeisle-blocks-accordion-item\"><summary class=\"wp-block-themeisle-blocks-accordion-item__title\"><div>Varapuheenjohtaja<\/div><\/summary><div class=\"wp-block-themeisle-blocks-accordion-item__content\">\n<p class=\"has-text-align-center has-black-color has-text-color\" style=\"font-size:18px\"><strong>Mika Kangas<\/strong><\/p>\n<\/div><\/details>\n\n\n\n<details class=\"wp-block-themeisle-blocks-accordion-item\"><summary class=\"wp-block-themeisle-blocks-accordion-item__title\"><div>Sihteeri ja taloudenhoitaja<\/div><\/summary><div class=\"wp-block-themeisle-blocks-accordion-item__content\">\n<p class=\"has-text-align-center has-black-color has-text-color\" style=\"font-size:18px\"><strong>Minna Saari<\/strong><\/p>\n<\/div><\/details>\n\n\n\n<details class=\"wp-block-themeisle-blocks-accordion-item\"><summary class=\"wp-block-themeisle-blocks-accordion-item__title\"><div>Muut j\u00e4senet<\/div><\/summary><div class=\"wp-block-themeisle-blocks-accordion-item__content\">\n<p class=\"has-text-align-center has-black-color has-text-color\" style=\"font-size:18px\"><strong>Matti Latvakoski<\/strong><\/p>\n\n\n\n<p class=\"has-text-align-center has-black-color has-text-color\" style=\"font-size:18px\"><strong>Petri Nikula<\/strong><\/p>\n\n\n\n<p class=\"has-text-align-center has-black-color has-text-color\" style=\"font-size:18px\"><strong>Marko Luoma<\/strong><\/p>\n\n\n\n<p class=\"has-text-align-center has-black-color has-text-color\" style=\"font-size:18px\"><strong>Aki Lehtim\u00e4ki<\/strong><\/p>\n\n\n\n<p class=\"has-text-align-center has-black-color has-text-color\" style=\"font-size:18px\"><strong>Eemeli Taipalus<\/strong><\/p>\n\n\n\n<p class=\"has-text-align-center has-black-color has-text-color\" style=\"font-size:18px\"><strong>Tommi L\u00e4ntinen<\/strong><\/p>\n<\/div><\/details>\n<\/div>\n","protected":false},"excerpt":{"rendered":"<p>Kyr\u00f6nmaan Power Club RY on toiminut vuodesta 1991 l\u00e4htien. T\u00e4m\u00e4n hetken hallituksen j\u00e4seniin kuuluu seuraavat henkil\u00f6t. Kyr\u00f6nmaan Power Clubin hallituksen j\u00e4seniin voit olla yhteydess\u00e4 kehitysideoiden, ongelmatilanteiden tai palautteen tiimoilta. Parhaiten saat yhteyden s\u00e4hk\u00f6postitse kyronmaanpowerclub@gmail.com tai kotisivujen yhteydenottolomakkeen avulla.<\/p>\n","protected":false},"author":1,"featured_media":0,"parent":0,"menu_order":0,"comment_status":"closed","ping_status":"closed","template":"","meta":{"ngg_post_thumbnail":0,"_themeisle_gutenberg_block_has_review":false,"footnotes":""},"class_list":["post-452","page","type-page","status-publish","hentry"],"_links":{"self":[{"href":"https:\/\/www.kyronmaanpowerclub.fi\/index.php?rest_route=\/wp\/v2\/pages\/452","targetHints":{"allow":["GET"]}}],"collection":[{"href":"https:\/\/www.kyronmaanpowerclub.fi\/index.php?rest_route=\/wp\/v2\/pages"}],"about":[{"href":"https:\/\/www.kyronmaanpowerclub.fi\/index.php?rest_route=\/wp\/v2\/types\/page"}],"author":[{"embeddable":true,"href":"https:\/\/www.kyronmaanpowerclub.fi\/index.php?rest_route=\/wp\/v2\/users\/1"}],"replies":[{"embeddable":true,"href":"https:\/\/www.kyronmaanpowerclub.fi\/index.php?rest_route=%2Fwp%2Fv2%2Fcomments&post=452"}],"version-history":[{"count":31,"href":"https:\/\/www.kyronmaanpowerclub.fi\/index.php?rest_route=\/wp\/v2\/pages\/452\/revisions"}],"predecessor-version":[{"id":813,"href":"https:\/\/www.kyronmaanpowerclub.fi\/index.php?rest_route=\/wp\/v2\/pages\/452\/revisions\/813"}],"wp:attachment":[{"href":"https:\/\/www.kyronmaanpowerclub.fi\/index.php?rest_route=%2Fwp%2Fv2%2Fmedia&parent=452"}],"curies":[{"name":"wp","href":"https:\/\/api.w.org\/{rel}","templated":true}]}}