{"id":508,"date":"2022-12-11T13:32:45","date_gmt":"2022-12-11T13:32:45","guid":{"rendered":"http:\/\/www.kyronmaanpowerclub.fi\/?page_id=508"},"modified":"2026-02-19T07:21:05","modified_gmt":"2026-02-19T07:21:05","slug":"hinnasto","status":"publish","type":"page","link":"https:\/\/www.kyronmaanpowerclub.fi\/?page_id=508","title":{"rendered":"Hinnasto"},"content":{"rendered":"\n<h2 class=\"wp-block-heading has-text-align-center o-sticky o-sticky-scope-main-area o-sticky-pos-top o-sticky-bhvr-keep animated bounceInLeft\"> Ei aloitusmaksua, maksat ainoastaan kuntosalin k\u00e4yt\u00f6st\u00e4!<\/h2>\n\n\n\n<p class=\"has-text-align-center has-medium-font-size\">Kulkukoodi on kuitenkin henkil\u00f6kohtainen, joten kaveri tarvitsee oman kulkukoodin.<\/p>\n\n\n\n<p><\/p>\n\n\n\n<div class=\"wp-block-columns alignwide are-vertically-aligned-center has-medium-font-size is-layout-flex wp-container-core-columns-is-layout-28f84493 wp-block-columns-is-layout-flex\">\n<div class=\"wp-block-column has-header-gradient-background-color has-text-color has-background has-link-color wp-elements-806b3725cb62fa58be5ce70c9dbc53f8 is-layout-flow wp-block-column-is-layout-flow\" style=\"color:#000000;padding-top:2em;padding-right:2em;padding-bottom:2em;padding-left:2em;flex-basis:400px\">\n<h2 class=\"wp-block-heading has-text-align-center\" id=\"single\" style=\"font-size:40px\">Vuosij\u00e4senyys<\/h2>\n\n\n\n<div class=\"wp-block-buttons alignfull is-content-justification-center is-layout-flex wp-container-core-buttons-is-layout-a89b3969 wp-block-buttons-is-layout-flex\">\n<div class=\"wp-block-button\"><a class=\"wp-block-button__link has-white-color has-black-background-color has-text-color has-background has-custom-font-size wp-element-button\" style=\"border-radius:0px;font-size:16px\"><strong>250 euroa<\/strong><\/a><\/div>\n<\/div>\n\n\n\n<p><\/p>\n\n\n\n<p class=\"has-text-align-center has-small-font-size\">(<strong>Opiskelijat\/el\u00e4kel\u00e4iset\/ty\u00f6tt\u00f6m\u00e4t<\/strong> <strong>200 euroa<\/strong>)<\/p>\n<\/div>\n\n\n\n<div class=\"wp-block-column is-vertically-aligned-center has-white-color has-black-background-color has-text-color has-background has-link-color wp-elements-db79ce420b866a8abd72d5819971a8ec is-layout-flow wp-block-column-is-layout-flow\" style=\"padding-top:2em;padding-right:2em;padding-bottom:2em;padding-left:2em;flex-basis:400px\">\n<h2 class=\"wp-block-heading has-text-align-center\" id=\"family\" style=\"font-size:40px\">6 kk j\u00e4senyys<\/h2>\n\n\n\n<div class=\"wp-block-buttons alignfull is-horizontal is-content-justification-center is-layout-flex wp-container-core-buttons-is-layout-03627597 wp-block-buttons-is-layout-flex\">\n<div class=\"wp-block-button is-style-fill\"><a class=\"wp-block-button__link has-black-color has-header-gradient-background-color has-text-color has-background has-custom-font-size wp-element-button\" style=\"border-radius:0px;font-size:16px\"><strong>150 euroa<\/strong><\/a><\/div>\n<\/div>\n\n\n\n<p><\/p>\n\n\n\n<p class=\"has-text-align-center has-small-font-size\">(<strong>Opiskelijat\/el\u00e4kel\u00e4iset\/ty\u00f6tt\u00f6m\u00e4t<\/strong> <strong>120 euroa<\/strong>)<\/p>\n<\/div>\n<\/div>\n\n\n\n<div class=\"wp-block-columns alignwide are-vertically-aligned-center has-medium-font-size is-layout-flex wp-container-core-columns-is-layout-28f84493 wp-block-columns-is-layout-flex\">\n<div class=\"wp-block-column is-vertically-aligned-center has-black-color has-header-gradient-background-color has-text-color has-background has-link-color wp-elements-16702b336a53e2ead2a6ae90c90f85e3 is-layout-flow wp-block-column-is-layout-flow\" style=\"padding-top:2em;padding-right:2em;padding-bottom:2em;padding-left:2em;flex-basis:400px\">\n<h2 class=\"wp-block-heading has-text-align-center\" id=\"patron\" style=\"font-size:40px\">1kk j\u00e4senyys<\/h2>\n\n\n\n<div class=\"wp-block-buttons alignfull is-horizontal is-content-justification-center is-layout-flex wp-container-core-buttons-is-layout-cbda912e wp-block-buttons-is-layout-flex\">\n<div class=\"wp-block-button\"><a class=\"wp-block-button__link has-white-color has-text-color has-background has-custom-font-size wp-element-button\" style=\"border-radius:0px;background-color:#000000;font-size:16px\"><strong>30 euroa<\/strong><\/a><\/div>\n<\/div>\n\n\n\n<p><\/p>\n\n\n\n<p class=\"has-text-align-center has-small-font-size\">(<strong>Opiskelijat\/el\u00e4kel\u00e4iset\/ty\u00f6tt\u00f6m\u00e4t<\/strong> <strong>25 euroa<\/strong>)<\/p>\n<\/div>\n\n\n\n<div class=\"wp-block-column has-white-color has-black-background-color has-text-color has-background has-link-color wp-elements-bdabd4b8cd001cc617d6116d28e11b11 is-layout-flow wp-block-column-is-layout-flow\" style=\"padding-top:2em;padding-right:2em;padding-bottom:2em;padding-left:2em;flex-basis:400px\">\n<h2 class=\"wp-block-heading has-text-align-center\" id=\"patron\" style=\"font-size:40px\">Kertak\u00e4ynti<\/h2>\n\n\n\n<div class=\"wp-block-buttons alignfull is-horizontal is-content-justification-center is-layout-flex wp-container-core-buttons-is-layout-03627597 wp-block-buttons-is-layout-flex\">\n<div class=\"wp-block-button\"><a class=\"wp-block-button__link has-black-color has-header-gradient-background-color has-text-color has-background has-custom-font-size wp-element-button\" style=\"border-radius:0px;font-size:16px\"><strong>7 euroa<\/strong><\/a><\/div>\n<\/div>\n\n\n\n<p><\/p>\n\n\n\n<p class=\"has-text-align-center has-small-font-size\">(<strong>Opiskelijat\/el\u00e4kel\u00e4iset\/ty\u00f6tt\u00f6m\u00e4t<\/strong> <strong>5 euroa<\/strong>)<\/p>\n<\/div>\n<\/div>\n\n\n\n<h2 class=\"wp-block-heading alignfull has-text-align-center animated zoomIn has-header-gradient-background-color has-background\">Maksaa voit tilille FI 96 4928 0010 1165 08<\/h2>\n\n\n\n<h3 class=\"wp-block-heading has-text-align-center\">Maksuv\u00e4linein\u00e4 k\u00e4y my\u00f6s Smartum, Edenred ja Epassi.<\/h3>\n","protected":false},"excerpt":{"rendered":"<p>Ei aloitusmaksua, maksat ainoastaan kuntosalin k\u00e4yt\u00f6st\u00e4! Kulkukoodi on kuitenkin henkil\u00f6kohtainen, joten kaveri tarvitsee oman kulkukoodin. Vuosij\u00e4senyys (Opiskelijat\/el\u00e4kel\u00e4iset\/ty\u00f6tt\u00f6m\u00e4t 200 euroa) 6 kk j\u00e4senyys (Opiskelijat\/el\u00e4kel\u00e4iset\/ty\u00f6tt\u00f6m\u00e4t 120 euroa) 1kk j\u00e4senyys (Opiskelijat\/el\u00e4kel\u00e4iset\/ty\u00f6tt\u00f6m\u00e4t 25 euroa) Kertak\u00e4ynti (Opiskelijat\/el\u00e4kel\u00e4iset\/ty\u00f6tt\u00f6m\u00e4t 5 euroa) Maksaa voit tilille FI 96 4928 0010 1165 08 Maksuv\u00e4linein\u00e4 k\u00e4y my\u00f6s Smartum, Edenred ja Epassi.<\/p>\n","protected":false},"author":1,"featured_media":0,"parent":0,"menu_order":0,"comment_status":"closed","ping_status":"closed","template":"","meta":{"ngg_post_thumbnail":0,"_themeisle_gutenberg_block_has_review":false,"footnotes":""},"class_list":["post-508","page","type-page","status-publish","hentry"],"_links":{"self":[{"href":"https:\/\/www.kyronmaanpowerclub.fi\/index.php?rest_route=\/wp\/v2\/pages\/508","targetHints":{"allow":["GET"]}}],"collection":[{"href":"https:\/\/www.kyronmaanpowerclub.fi\/index.php?rest_route=\/wp\/v2\/pages"}],"about":[{"href":"https:\/\/www.kyronmaanpowerclub.fi\/index.php?rest_route=\/wp\/v2\/types\/page"}],"author":[{"embeddable":true,"href":"https:\/\/www.kyronmaanpowerclub.fi\/index.php?rest_route=\/wp\/v2\/users\/1"}],"replies":[{"embeddable":true,"href":"https:\/\/www.kyronmaanpowerclub.fi\/index.php?rest_route=%2Fwp%2Fv2%2Fcomments&post=508"}],"version-history":[{"count":52,"href":"https:\/\/www.kyronmaanpowerclub.fi\/index.php?rest_route=\/wp\/v2\/pages\/508\/revisions"}],"predecessor-version":[{"id":815,"href":"https:\/\/www.kyronmaanpowerclub.fi\/index.php?rest_route=\/wp\/v2\/pages\/508\/revisions\/815"}],"wp:attachment":[{"href":"https:\/\/www.kyronmaanpowerclub.fi\/index.php?rest_route=%2Fwp%2Fv2%2Fmedia&parent=508"}],"curies":[{"name":"wp","href":"https:\/\/api.w.org\/{rel}","templated":true}]}}